{"id":2458,"date":"2023-09-12T07:21:06","date_gmt":"2023-09-12T07:21:06","guid":{"rendered":"https:\/\/demo.smartwpthemes.com\/aidoc-forum\/?page_id=8"},"modified":"2024-01-22T22:51:43","modified_gmt":"2024-01-22T22:51:43","slug":"forum","status":"publish","type":"page","link":"https:\/\/community.plagium.com\/es\/forum\/","title":{"rendered":"Foro"},"content":{"rendered":"<div data-elementor-type=\"wp-page\" data-elementor-id=\"2458\" class=\"elementor elementor-2458\" data-elementor-post-type=\"page\">\n\t\t\t\t\t\t<section class=\"elementor-section elementor-top-section elementor-element elementor-element-6d1bbe17 bdt-particles-yes elementor-section-boxed elementor-section-height-default elementor-section-height-default\" data-id=\"6d1bbe17\" data-element_type=\"section\" data-settings=\"{&quot;background_background&quot;:&quot;gradient&quot;,&quot;section_particles_on&quot;:&quot;yes&quot;,&quot;section_particles_js&quot;:&quot;{\\n  \\&quot;particles\\&quot;: {\\n    \\&quot;number\\&quot;: {\\n      \\&quot;value\\&quot;: 80,\\n      \\&quot;density\\&quot;: {\\n        \\&quot;enable\\&quot;: true,\\n        \\&quot;value_area\\&quot;: 800\\n      }\\n    },\\n    \\&quot;color\\&quot;: {\\n      \\&quot;value\\&quot;: \\&quot;#ffffff\\&quot;\\n    },\\n    \\&quot;shape\\&quot;: {\\n      \\&quot;type\\&quot;: \\&quot;circle\\&quot;,\\n      \\&quot;stroke\\&quot;: {\\n        \\&quot;width\\&quot;: 0,\\n        \\&quot;color\\&quot;: \\&quot;#f7cbe4\\&quot;\\n      },\\n      \\&quot;polygon\\&quot;: {\\n        \\&quot;nb_sides\\&quot;: 7\\n      },\\n      \\&quot;image\\&quot;: {\\n        \\&quot;src\\&quot;: \\&quot;img\\\/github.svg\\&quot;,\\n        \\&quot;width\\&quot;: 100,\\n        \\&quot;height\\&quot;: 100\\n      }\\n    },\\n    \\&quot;opacity\\&quot;: {\\n      \\&quot;value\\&quot;: 0.5,\\n      \\&quot;random\\&quot;: false,\\n      \\&quot;anim\\&quot;: {\\n        \\&quot;enable\\&quot;: false,\\n        \\&quot;speed\\&quot;: 1,\\n        \\&quot;opacity_min\\&quot;: 0.1,\\n        \\&quot;sync\\&quot;: false\\n      }\\n    },\\n    \\&quot;size\\&quot;: {\\n      \\&quot;value\\&quot;: 5.017060304327615,\\n      \\&quot;random\\&quot;: true,\\n      \\&quot;anim\\&quot;: {\\n        \\&quot;enable\\&quot;: false,\\n        \\&quot;speed\\&quot;: 40,\\n        \\&quot;size_min\\&quot;: 0.1,\\n        \\&quot;sync\\&quot;: false\\n      }\\n    },\\n    \\&quot;line_linked\\&quot;: {\\n      \\&quot;enable\\&quot;: false,\\n      \\&quot;distance\\&quot;: 150,\\n      \\&quot;color\\&quot;: \\&quot;#ffffff\\&quot;,\\n      \\&quot;opacity\\&quot;: 0.4,\\n      \\&quot;width\\&quot;: 1\\n    },\\n    \\&quot;move\\&quot;: {\\n      \\&quot;enable\\&quot;: true,\\n      \\&quot;speed\\&quot;: 0.3,\\n      \\&quot;direction\\&quot;: \\&quot;none\\&quot;,\\n      \\&quot;random\\&quot;: false,\\n      \\&quot;straight\\&quot;: false,\\n      \\&quot;out_mode\\&quot;: \\&quot;out\\&quot;,\\n      \\&quot;bounce\\&quot;: false,\\n      \\&quot;attract\\&quot;: {\\n        \\&quot;enable\\&quot;: false,\\n        \\&quot;rotateX\\&quot;: 600,\\n        \\&quot;rotateY\\&quot;: 1200\\n      }\\n    }\\n  },\\n  \\&quot;interactivity\\&quot;: {\\n    \\&quot;detect_on\\&quot;: \\&quot;canvas\\&quot;,\\n    \\&quot;events\\&quot;: {\\n      \\&quot;onhover\\&quot;: {\\n        \\&quot;enable\\&quot;: true,\\n        \\&quot;mode\\&quot;: \\&quot;repulse\\&quot;\\n      },\\n      \\&quot;onclick\\&quot;: {\\n        \\&quot;enable\\&quot;: true,\\n        \\&quot;mode\\&quot;: \\&quot;push\\&quot;\\n      },\\n      \\&quot;resize\\&quot;: true\\n    },\\n    \\&quot;modes\\&quot;: {\\n      \\&quot;grab\\&quot;: {\\n        \\&quot;distance\\&quot;: 400,\\n        \\&quot;line_linked\\&quot;: {\\n          \\&quot;opacity\\&quot;: 1\\n        }\\n      },\\n      \\&quot;bubble\\&quot;: {\\n        \\&quot;distance\\&quot;: 400,\\n        \\&quot;size\\&quot;: 40,\\n        \\&quot;duration\\&quot;: 2,\\n        \\&quot;opacity\\&quot;: 8,\\n        \\&quot;speed\\&quot;: 3\\n      },\\n      \\&quot;repulse\\&quot;: {\\n        \\&quot;distance\\&quot;: 200,\\n        \\&quot;duration\\&quot;: 0.4\\n      },\\n      \\&quot;push\\&quot;: {\\n        \\&quot;particles_nb\\&quot;: 4\\n      },\\n      \\&quot;remove\\&quot;: {\\n        \\&quot;particles_nb\\&quot;: 2\\n      }\\n    }\\n  },\\n  \\&quot;retina_detect\\&quot;: true\\n}&quot;,&quot;_ha_eqh_enable&quot;:false}\">\n\t\t\t\t\t\t\t<div class=\"elementor-background-overlay\"><\/div>\n\t\t\t\t\t\t\t<div class=\"elementor-container elementor-column-gap-default\">\n\t\t\t\t\t<div class=\"elementor-column elementor-col-50 elementor-top-column elementor-element elementor-element-4eaa0ab6\" data-id=\"4eaa0ab6\" data-element_type=\"column\">\n\t\t\t<div class=\"elementor-widget-wrap elementor-element-populated\">\n\t\t\t\t\t\t<div class=\"elementor-element elementor-element-1e5f682c elementor-widget elementor-widget-bdt-advanced-heading\" data-id=\"1e5f682c\" data-element_type=\"widget\" data-widget_type=\"bdt-advanced-heading.default\">\n\t\t\t\t<div class=\"elementor-widget-container\">\n\t\t\t\t\t<div id =\"1e5f682c\" class=\"bdt-ep-advanced-heading\" data-settings=\"{&quot;titleMultiColor&quot;:&quot;no&quot;}\">\t\t\t<div class=\"bdt-ep-advanced-heading-sub-title\">\n\t\t\t\t<div class=\"bdt-ep-advanced-heading-sub-title-content\">\n\t\t\t\t\t\t\t\t\t\tExplora nuestro foro de la comunidad de plagio\t\t\t\t\t\t\t\t\t<\/div>\n\t\t\t\t<div class=\"line bdt-flex-align-right\"><\/div>\t\t\t<\/div>\n\t\t\t<h2 class=\"bdt-ep-advanced-heading-title\"><span class=\"bdt-ep-advanced-heading-main-title\"><span class=\"bdt-ep-advanced-heading-main-title-inner\">Promover la integridad acad\u00e9mica.<\/span><\/span><\/h2><\/div>\t\t\t\t<\/div>\n\t\t\t\t<\/div>\n\t\t\t\t<div class=\"elementor-element elementor-element-034c635 elementor-widget elementor-widget-aidoc-searchbox\" data-id=\"034c635\" data-element_type=\"widget\" data-widget_type=\"aidoc-searchbox.default\">\n\t\t\t\t<div class=\"elementor-widget-container\">\n\t\t\t\t\t<div class=\"global-search form-group\"><div class=\"search_standard_bar shadow-none\"><input type=\"hidden\" id=\"oldplacvalue\" value=\"Ask or search. We&#039;re here to help.\"><form method=\"get\" id=\"searchform\" class=\"searchform\" action=\"https:\/\/community.plagium.com\/es\/\" data-trp-original-action=\"https:\/\/community.plagium.com\/es\/\"><i class=\"fa fa-search livesearch\"><\/i><input type=\"text\" placeholder=\"Pregunta o busca. Estamos aqu\u00ed para ayudar.\" value=\"\" name=\"s\" id=\"s\" class=\"form-control header-search\" \/><button class=\"search-button-custom\">Buscar<\/button><input type=\"hidden\" name=\"trp-form-language\" value=\"es\"\/><\/form><\/div><\/div>\t\t\t\t<\/div>\n\t\t\t\t<\/div>\n\t\t\t\t<div class=\"elementor-element elementor-element-24b1fb05 elementor-widget elementor-widget-text-editor\" data-id=\"24b1fb05\" data-element_type=\"widget\" data-widget_type=\"text-editor.default\">\n\t\t\t\t<div class=\"elementor-widget-container\">\n\t\t\t\t\t\t\t\t\t\u00bfTiene consultas sobre plagio o inquietudes acad\u00e9micas? Nuestros dedicados moderadores y miembros solidarios de la comunidad est\u00e1n listos para ayudar. No dude en hacer cualquier pregunta.\t\t\t\t\t\t\t\t<\/div>\n\t\t\t\t<\/div>\n\t\t\t\t\t<\/div>\n\t\t<\/div>\n\t\t\t\t<div class=\"elementor-column elementor-col-50 elementor-top-column elementor-element elementor-element-6f8beffc\" data-id=\"6f8beffc\" data-element_type=\"column\">\n\t\t\t<div class=\"elementor-widget-wrap\">\n\t\t\t\t\t\t\t<\/div>\n\t\t<\/div>\n\t\t\t\t\t<\/div>\n\t\t<\/section>\n\t\t\t\t<section class=\"elementor-section elementor-top-section elementor-element elementor-element-2cf96ad1 elementor-section-boxed elementor-section-height-default elementor-section-height-default\" data-id=\"2cf96ad1\" data-element_type=\"section\" data-settings=\"{&quot;_ha_eqh_enable&quot;:false}\">\n\t\t\t\t\t\t<div class=\"elementor-container elementor-column-gap-default\">\n\t\t\t\t\t<div class=\"elementor-column elementor-col-100 elementor-top-column elementor-element elementor-element-7b4a3225\" data-id=\"7b4a3225\" data-element_type=\"column\" data-settings=\"{&quot;background_background&quot;:&quot;classic&quot;}\">\n\t\t\t<div class=\"elementor-widget-wrap elementor-element-populated\">\n\t\t\t\t\t\t<section class=\"elementor-section elementor-inner-section elementor-element elementor-element-c083527 elementor-section-boxed elementor-section-height-default elementor-section-height-default\" data-id=\"c083527\" data-element_type=\"section\" data-settings=\"{&quot;_ha_eqh_enable&quot;:false}\">\n\t\t\t\t\t\t<div class=\"elementor-container elementor-column-gap-default\">\n\t\t\t\t\t<div class=\"elementor-column elementor-col-50 elementor-inner-column elementor-element elementor-element-eba7456\" data-id=\"eba7456\" data-element_type=\"column\">\n\t\t\t<div class=\"elementor-widget-wrap elementor-element-populated\">\n\t\t\t\t\t\t<div class=\"elementor-element elementor-element-149839f elementor-widget elementor-widget-aidoc-bbpress\" data-id=\"149839f\" data-element_type=\"widget\" data-widget_type=\"aidoc-bbpress.default\">\n\t\t\t\t<div class=\"elementor-widget-container\">\n\t\t\t\t\t<div class=\"elementor-bbpress\">\r\n<div id=\"bbpress-forums\">\r\n\r\n\t\r\n\t\r\n\t\r\n\t\t\r\n\r\n<ul id=\"forums-list-0\" class=\"bbp-forums\">\r\n\r\n    <li class=\"bbp-header\">\r\n\t\t<ul class=\"forum-titles\">\r\n\t\t\t<li class=\"bbp-topic-title\">Directory<\/li>\r\n\t\t\t<li class=\"bbp-topic-voice-count\">Topics<\/li>\r\n\t\t\t<li class=\"bbp-topic-reply-count\">Posts<\/li>  \r\n\t\t\t<li class=\"bbp-topic-freshness\">Last Post<\/li>\r\n\t\t<\/ul>\r\n\t<\/li>\r\n    \r\n\r\n    \r\n    \r\n\t<li class=\"bbp-body\">\r\n\t\t\t\t\t<ul id=\"bbp-forum-2044\" class=\"loop-item-0 bbp-forum-status-open bbp-forum-visibility-publish odd  status-category bbp-has-subforums post-2044 forum type-forum status-publish hentry\">\r\n\r\n\t<li class=\"bbp-forum-info\">\r\n\r\n\t\t\r\n\t\t<div class=\"bbp-forum-header\" style=\" \">\r\n\r\n\t\t\t\t\t\t\r\n\t\t\t\t\t\t\r\n\t\t\t\t\t\t<a class=\"bbp-forum-title\" href=\"https:\/\/community.plagium.com\/es\/forums\/forum\/the-plagiarism-palooza\/\">El Plagio Palooza<\/a>\r\n\t\t\t\r\n\t\t\t\r\n\t\t\t\r\n\t\t\t<div class=\"bbp-forum-content\"><\/div>\r\n\r\n\t\t\t\r\n\t\t<\/div>\r\n\r\n\t\t\r\n\t\t\t<ul class=\"bbp-forums-list\"><li class='odd-forum-row'><ul><li class=\"bbp-forum clearfix\"><div class=\"bbp-forum-title-container\"><img decoding=\"async\" width=\"150\" height=\"150\" src=\"https:\/\/community.plagium.com\/wp-content\/uploads\/2023\/01\/documents-150x150.png\" class=\"alignleft main-forum-icon wp-post-image\" alt=\"\" srcset=\"https:\/\/community.plagium.com\/wp-content\/uploads\/2023\/01\/documents-150x150.png 150w, https:\/\/community.plagium.com\/wp-content\/uploads\/2023\/01\/documents-70x70.png 70w, https:\/\/community.plagium.com\/wp-content\/uploads\/2023\/01\/documents.png 256w\" sizes=\"(max-width: 150px) 100vw, 150px\" \/><h5><a href=\"https:\/\/community.plagium.com\/es\/forums\/forum\/the-plagiarism-palooza\/plagiarism-discussion\/\" class=\"bbp-forum-link\">Plagiarism Discussion<\/a><\/h5><p class=\"bbp-forum-description\">Compartir pensamientos, experiencias y preguntas sobre el plagio.<\/p><\/div><div class=\"topic-reply-counts\">3<\/div><div class=\"topic-reply-counts\">4<\/div>\t\t\t\r\n\t\t\t\t\t\t<div class='freshness-forum-link'>\r\n\t\t\t\t\t\t<div class='bbp-update-author bbp-landing-forum-wrap'>\r\n\t\t\t\t\t\t<span class='bbp-topic-freshness-author'><a href=\"https:\/\/community.plagium.com\/es\/forums\/users\/asantos\/\" title=\"Ver perfil de Plagium Team\" class=\"bbp-author-link\"><span  class=\"bbp-author-avatar\"><img alt='' src='https:\/\/secure.gravatar.com\/avatar\/55b94af0aa8021cdc7b3e8bbc09763f7b75008b4a394c9fb7650cf611a56eeb5?s=50&#038;d=mm&#038;r=g' srcset='https:\/\/secure.gravatar.com\/avatar\/55b94af0aa8021cdc7b3e8bbc09763f7b75008b4a394c9fb7650cf611a56eeb5?s=100&#038;d=mm&#038;r=g 2x' class='avatar avatar-50 photo' height='50' width='50' \/><\/span><span  class=\"bbp-author-name\">Plagium Team<\/span><\/a><\/span>\r\n\t\t\t\t\t\t <\/div>\r\n\t\t\t\t\t\t<div class='landing-forum-wrap-content'><div class='last-posted-topic-title'><a href='https:\/\/community.plagium.com\/es\/forums\/topic\/dealing-with-plagiarism-accusations\/'>Respuesta a: Dealing with plagiarism accusations<\/a><\/div><div class='last-posted-topic-time'>hace 2 a\u00f1os, 2 meses<\/div><\/div>\r\n\t\t\t\t\t\t<\/div>\r\n\t\t\t\t\t\t<\/li><\/ul><\/li><li class='even-forum-row'><ul><li class=\"bbp-forum clearfix\"><div class=\"bbp-forum-title-container\"><img decoding=\"async\" width=\"150\" height=\"150\" src=\"https:\/\/community.plagium.com\/wp-content\/uploads\/2023\/01\/resources-150x150.png\" class=\"alignleft main-forum-icon wp-post-image\" alt=\"\" srcset=\"https:\/\/community.plagium.com\/wp-content\/uploads\/2023\/01\/resources-150x150.png 150w, https:\/\/community.plagium.com\/wp-content\/uploads\/2023\/01\/resources-70x70.png 70w, https:\/\/community.plagium.com\/wp-content\/uploads\/2023\/01\/resources.png 256w\" sizes=\"(max-width: 150px) 100vw, 150px\" \/><h5><a href=\"https:\/\/community.plagium.com\/es\/forums\/forum\/the-plagiarism-palooza\/user-feedback\/\" class=\"bbp-forum-link\">Plagium Tools and Resources<\/a><\/h5><p class=\"bbp-forum-description\">Explorando software de detecci\u00f3n de plagio y materiales educativos.<\/p><\/div><div class=\"topic-reply-counts\">2<\/div><div class=\"topic-reply-counts\">2<\/div>\t\t\t\r\n\t\t\t\t\t\t<div class='freshness-forum-link'>\r\n\t\t\t\t\t\t<div class='bbp-update-author bbp-landing-forum-wrap'>\r\n\t\t\t\t\t\t<span class='bbp-topic-freshness-author'><a href=\"https:\/\/community.plagium.com\/es\/forums\/users\/asantos\/\" title=\"Ver perfil de Plagium Team\" class=\"bbp-author-link\"><span  class=\"bbp-author-avatar\"><img alt='' src='https:\/\/secure.gravatar.com\/avatar\/55b94af0aa8021cdc7b3e8bbc09763f7b75008b4a394c9fb7650cf611a56eeb5?s=50&#038;d=mm&#038;r=g' srcset='https:\/\/secure.gravatar.com\/avatar\/55b94af0aa8021cdc7b3e8bbc09763f7b75008b4a394c9fb7650cf611a56eeb5?s=100&#038;d=mm&#038;r=g 2x' class='avatar avatar-50 photo' height='50' width='50' \/><\/span><span  class=\"bbp-author-name\">Plagium Team<\/span><\/a><\/span>\r\n\t\t\t\t\t\t <\/div>\r\n\t\t\t\t\t\t<div class='landing-forum-wrap-content'><div class='last-posted-topic-title'><a href='https:\/\/community.plagium.com\/es\/forums\/topic\/plagiarism-research-and-academic-integrity-initiatives\/'>Iniciativa de investigaci\u00f3n sobre plagio e integridad acad\u00e9mica...<\/a><\/div><div class='last-posted-topic-time'>hace 2 a\u00f1os, 3 meses<\/div><\/div>\r\n\t\t\t\t\t\t<\/div>\r\n\t\t\t\t\t\t<\/li><\/ul><\/li><\/ul>\r\n\t\t\r\n\t\t\r\n\t<\/li>\r\n\r\n\t\r\n<\/ul><!-- #bbp-forum-2044 -->\r\n\t\t\t\t\t<ul id=\"bbp-forum-2538\" class=\"loop-item-1 bbp-forum-status-open bbp-forum-visibility-publish even  status-category bbp-has-subforums post-2538 forum type-forum status-publish hentry\">\r\n\r\n\t<li class=\"bbp-forum-info\">\r\n\r\n\t\t\r\n\t\t<div class=\"bbp-forum-header\" style=\" \">\r\n\r\n\t\t\t\t\t\t\r\n\t\t\t\t\t\t\r\n\t\t\t\t\t\t<a class=\"bbp-forum-title\" href=\"https:\/\/community.plagium.com\/es\/forums\/forum\/community-hub\/\">Centro Comunitario<\/a>\r\n\t\t\t\r\n\t\t\t\r\n\t\t\t\r\n\t\t\t<div class=\"bbp-forum-content\"><\/div>\r\n\r\n\t\t\t\r\n\t\t<\/div>\r\n\r\n\t\t\r\n\t\t\t<ul class=\"bbp-forums-list\"><li class='odd-forum-row'><ul><li class=\"bbp-forum clearfix\"><div class=\"bbp-forum-title-container\"><img decoding=\"async\" width=\"150\" height=\"150\" src=\"https:\/\/community.plagium.com\/wp-content\/uploads\/2023\/01\/graduates-150x150.png\" class=\"alignleft main-forum-icon wp-post-image\" alt=\"\" srcset=\"https:\/\/community.plagium.com\/wp-content\/uploads\/2023\/01\/graduates-150x150.png 150w, https:\/\/community.plagium.com\/wp-content\/uploads\/2023\/01\/graduates-70x70.png 70w, https:\/\/community.plagium.com\/wp-content\/uploads\/2023\/01\/graduates.png 256w\" sizes=\"(max-width: 150px) 100vw, 150px\" \/><h5><a href=\"https:\/\/community.plagium.com\/es\/forums\/forum\/community-hub\/developers-hub\/\" class=\"bbp-forum-link\">Historias de usuarios<\/a><\/h5><p class=\"bbp-forum-description\">Comparta sus experiencias con Plagium y la comunidad de prevenci\u00f3n del plagio.<\/p><\/div><div class=\"topic-reply-counts\">3<\/div><div class=\"topic-reply-counts\">3<\/div>\t\t\t\r\n\t\t\t\t\t\t<div class='freshness-forum-link'>\r\n\t\t\t\t\t\t<div class='bbp-update-author bbp-landing-forum-wrap'>\r\n\t\t\t\t\t\t<span class='bbp-topic-freshness-author'><a href=\"https:\/\/community.plagium.com\/es\/forums\/users\/asantos\/\" title=\"Ver perfil de Plagium Team\" class=\"bbp-author-link\"><span  class=\"bbp-author-avatar\"><img alt='' src='https:\/\/secure.gravatar.com\/avatar\/55b94af0aa8021cdc7b3e8bbc09763f7b75008b4a394c9fb7650cf611a56eeb5?s=50&#038;d=mm&#038;r=g' srcset='https:\/\/secure.gravatar.com\/avatar\/55b94af0aa8021cdc7b3e8bbc09763f7b75008b4a394c9fb7650cf611a56eeb5?s=100&#038;d=mm&#038;r=g 2x' class='avatar avatar-50 photo' height='50' width='50' \/><\/span><span  class=\"bbp-author-name\">Plagium Team<\/span><\/a><\/span>\r\n\t\t\t\t\t\t <\/div>\r\n\t\t\t\t\t\t<div class='landing-forum-wrap-content'><div class='last-posted-topic-title'><a href='https:\/\/community.plagium.com\/es\/forums\/topic\/how-i-dealt-with-a-plagiarism-accusation\/'>C\u00f3mo lidi\u00e9 con una acusaci\u00f3n de plagio<\/a><\/div><div class='last-posted-topic-time'>hace 2 a\u00f1os, 3 meses<\/div><\/div>\r\n\t\t\t\t\t\t<\/div>\r\n\t\t\t\t\t\t<\/li><\/ul><\/li><li class='even-forum-row'><ul><li class=\"bbp-forum clearfix\"><div class=\"bbp-forum-title-container\"><img loading=\"lazy\" decoding=\"async\" width=\"150\" height=\"150\" src=\"https:\/\/community.plagium.com\/wp-content\/uploads\/2023\/01\/qa-150x150.png\" class=\"alignleft main-forum-icon wp-post-image\" alt=\"\" srcset=\"https:\/\/community.plagium.com\/wp-content\/uploads\/2023\/01\/qa-150x150.png 150w, https:\/\/community.plagium.com\/wp-content\/uploads\/2023\/01\/qa-70x70.png 70w, https:\/\/community.plagium.com\/wp-content\/uploads\/2023\/01\/qa.png 256w\" sizes=\"(max-width: 150px) 100vw, 150px\" \/><h5><a href=\"https:\/\/community.plagium.com\/es\/forums\/forum\/community-hub\/error-reports\/\" class=\"bbp-forum-link\">Preguntas y respuestas<\/a><\/h5><p class=\"bbp-forum-description\">Haga preguntas y obtenga respuestas de otros usuarios y expertos de Plagium.<\/p><\/div><div class=\"topic-reply-counts\">2<\/div><div class=\"topic-reply-counts\">2<\/div>\t\t\t\r\n\t\t\t\t\t\t<div class='freshness-forum-link'>\r\n\t\t\t\t\t\t<div class='bbp-update-author bbp-landing-forum-wrap'>\r\n\t\t\t\t\t\t<span class='bbp-topic-freshness-author'><a href=\"https:\/\/community.plagium.com\/es\/forums\/users\/asantos\/\" title=\"Ver perfil de Plagium Team\" class=\"bbp-author-link\"><span  class=\"bbp-author-avatar\"><img alt='' src='https:\/\/secure.gravatar.com\/avatar\/55b94af0aa8021cdc7b3e8bbc09763f7b75008b4a394c9fb7650cf611a56eeb5?s=50&#038;d=mm&#038;r=g' srcset='https:\/\/secure.gravatar.com\/avatar\/55b94af0aa8021cdc7b3e8bbc09763f7b75008b4a394c9fb7650cf611a56eeb5?s=100&#038;d=mm&#038;r=g 2x' class='avatar avatar-50 photo' height='50' width='50' \/><\/span><span  class=\"bbp-author-name\">Plagium Team<\/span><\/a><\/span>\r\n\t\t\t\t\t\t <\/div>\r\n\t\t\t\t\t\t<div class='landing-forum-wrap-content'><div class='last-posted-topic-title'><a href='https:\/\/community.plagium.com\/es\/forums\/topic\/how-do-i-deal-with-a-plagiarism-accusation\/'>\u00bfC\u00f3mo afronto una acusaci\u00f3n de plagio?<\/a><\/div><div class='last-posted-topic-time'>hace 2 a\u00f1os, 3 meses<\/div><\/div>\r\n\t\t\t\t\t\t<\/div>\r\n\t\t\t\t\t\t<\/li><\/ul><\/li><\/ul>\r\n\t\t\r\n\t\t\r\n\t<\/li>\r\n\r\n\t\r\n<\/ul><!-- #bbp-forum-2538 -->\r\n\t\t\t<\/li><!-- .bbp-body -->\r\n\r\n<\/ul><!-- .forums-directory -->\r\n\r\n\r\n\t\r\n\t\r\n<\/div>\r\n<\/div>\t\t\t\t<\/div>\n\t\t\t\t<\/div>\n\t\t\t\t\t<\/div>\n\t\t<\/div>\n\t\t\t\t<div class=\"elementor-column elementor-col-50 elementor-inner-column elementor-element elementor-element-abdc27f\" data-id=\"abdc27f\" data-element_type=\"column\">\n\t\t\t<div class=\"elementor-widget-wrap elementor-element-populated\">\n\t\t\t\t\t\t<div class=\"elementor-element elementor-element-3e0e681 elementor-widget elementor-widget-heading\" data-id=\"3e0e681\" data-element_type=\"widget\" data-widget_type=\"heading.default\">\n\t\t\t\t<div class=\"elementor-widget-container\">\n\t\t\t\t\t<h2 class=\"elementor-heading-title elementor-size-default\">INFORMACI\u00d3N GENERAL<\/h2>\t\t\t\t<\/div>\n\t\t\t\t<\/div>\n\t\t\t\t<div class=\"elementor-element elementor-element-fdc4bda elementor-widget elementor-widget-text-editor\" data-id=\"fdc4bda\" data-element_type=\"widget\" data-widget_type=\"text-editor.default\">\n\t\t\t\t<div class=\"elementor-widget-container\">\n\t\t\t\t\t\t\t\t\tAntes de preguntar, consulta nuestras <strong >gu\u00edas y v\u00eddeos o utiliza primero la b\u00fasqueda en el foro<\/strong>. Es posible que alguien tarde un poco (<strong>hasta 24 horas<\/strong>) en responder a tu publicaci\u00f3n en el foro, as\u00ed que <strong>no publiques dos veces<\/strong>. \u00a1Gracias por entender!\t\t\t\t\t\t\t\t<\/div>\n\t\t\t\t<\/div>\n\t\t\t\t<div class=\"elementor-element elementor-element-c6388de elementor-widget-divider--view-line elementor-widget elementor-widget-divider\" data-id=\"c6388de\" data-element_type=\"widget\" data-widget_type=\"divider.default\">\n\t\t\t\t<div class=\"elementor-widget-container\">\n\t\t\t\t\t\t\t<div class=\"elementor-divider\">\n\t\t\t<span class=\"elementor-divider-separator\">\n\t\t\t\t\t\t<\/span>\n\t\t<\/div>\n\t\t\t\t\t\t<\/div>\n\t\t\t\t<\/div>\n\t\t\t\t<div class=\"elementor-element elementor-element-009f117 elementor-widget elementor-widget-heading\" data-id=\"009f117\" data-element_type=\"widget\" data-widget_type=\"heading.default\">\n\t\t\t\t<div class=\"elementor-widget-container\">\n\t\t\t\t\t<h2 class=\"elementor-heading-title elementor-size-default\">AVISO DE SOPORTE<\/h2>\t\t\t\t<\/div>\n\t\t\t\t<\/div>\n\t\t\t\t<div class=\"elementor-element elementor-element-888c918 elementor-widget elementor-widget-text-editor\" data-id=\"888c918\" data-element_type=\"widget\" data-widget_type=\"text-editor.default\">\n\t\t\t\t<div class=\"elementor-widget-container\">\n\t\t\t\t\t\t\t\t\t<p>Nuestro personal de soporte monitorea el foro de la comunidad de <strong>9 a. m. a 6 p. m., de lunes a viernes<\/strong>. Tenga paciencia al publicar un problema, ya que es posible que el personal no se encuentre en la misma zona horaria que usted.<\/p><p><strong>Abst\u00e9ngase de compartir informaci\u00f3n personal como tel\u00e9fono, correo electr\u00f3nico y detalles de pago<\/strong> en el foro. <strong>No podemos ser responsables<\/strong> de las consecuencias que surjan de la divulgaci\u00f3n de dicha informaci\u00f3n.<\/p>\t\t\t\t\t\t\t\t<\/div>\n\t\t\t\t<\/div>\n\t\t\t\t\t<\/div>\n\t\t<\/div>\n\t\t\t\t\t<\/div>\n\t\t<\/section>\n\t\t\t\t\t<\/div>\n\t\t<\/div>\n\t\t\t\t\t<\/div>\n\t\t<\/section>\n\t\t\t\t<section class=\"elementor-section elementor-top-section elementor-element elementor-element-fb5d8b3 elementor-hidden-desktop elementor-hidden-tablet elementor-hidden-mobile elementor-section-boxed elementor-section-height-default elementor-section-height-default\" data-id=\"fb5d8b3\" data-element_type=\"section\" data-settings=\"{&quot;background_background&quot;:&quot;classic&quot;,&quot;_ha_eqh_enable&quot;:false}\">\n\t\t\t\t\t\t\t<div class=\"elementor-background-overlay\"><\/div>\n\t\t\t\t\t\t\t<div class=\"elementor-container elementor-column-gap-default\">\n\t\t\t\t\t<div class=\"elementor-column elementor-col-100 elementor-top-column elementor-element elementor-element-f569221\" data-id=\"f569221\" data-element_type=\"column\">\n\t\t\t<div class=\"elementor-widget-wrap elementor-element-populated\">\n\t\t\t\t\t\t<div class=\"elementor-element elementor-element-6babdeb0 elementor-widget elementor-widget-bdt-call-out\" data-id=\"6babdeb0\" data-element_type=\"widget\" data-widget_type=\"bdt-call-out.default\">\n\t\t\t\t<div class=\"elementor-widget-container\">\n\t\t\t\t\t        <div class=\"bdt-ep-callout bdt-ep-callout-button-align-right bdt-grid bdt-grid-large bdt-flex-middle\">\n            <div class=\"bdt-width-expand bdt-first-column\">\n            \t\t\t\t\t\t<h3 class=\"bdt-ep-callout-title\">\n\t\t\t\t\t\tDo You Want To Grow up Your Business?\t\t\t\t\t<\/h3>\n            \t\t\t\t\t                \t<div class=\"bdt-ep-callout-description\">Nulla consectetur maximus turpis a egestas. Mauris efficitur, ante non bibendum eleifend.<\/div>\n\t\t\t\t           <\/div>\n\n            <div class=\"bdt-width-auto@m\">\n                <a href=\"#\" class=\"bdt-ep-callout-button\" >\n\n\t                <span >\n\n\t                \tGet A Solution\t                \t\n\t                \t\t\t\t\t\t<\/span>\n\n                <\/a>\n            <\/div>\n        <\/div>\n\t\t\t\t\t\t<\/div>\n\t\t\t\t<\/div>\n\t\t\t\t\t<\/div>\n\t\t<\/div>\n\t\t\t\t\t<\/div>\n\t\t<\/section>\n\t\t\t\t<\/div>","protected":false},"excerpt":{"rendered":"<p>Explore our plagiarism community forum Promote Academic Integrity. Search Have inquiries about plagiarism or your academic concerns? Our dedicated moderators and supportive community members are ready to assist. Feel free to ask\u00a0any\u00a0questions. GENERAL INFORMATION Before you ask, check out our guides, videos, or use the forum search first. It might take a bit (up to [&hellip;]<\/p>","protected":false},"author":1,"featured_media":0,"parent":0,"menu_order":11,"comment_status":"closed","ping_status":"closed","template":"elementor_header_footer","meta":{"_bbp_topic_count":0,"_bbp_reply_count":0,"_bbp_total_topic_count":0,"_bbp_total_reply_count":0,"_bbp_voice_count":0,"_bbp_anonymous_reply_count":0,"_bbp_topic_count_hidden":0,"_bbp_reply_count_hidden":0,"_bbp_forum_subforum_count":0,"footnotes":""},"folder":[],"class_list":["post-2458","page","type-page","status-publish","hentry"],"_links":{"self":[{"href":"https:\/\/community.plagium.com\/es\/wp-json\/wp\/v2\/pages\/2458","targetHints":{"allow":["GET"]}}],"collection":[{"href":"https:\/\/community.plagium.com\/es\/wp-json\/wp\/v2\/pages"}],"about":[{"href":"https:\/\/community.plagium.com\/es\/wp-json\/wp\/v2\/types\/page"}],"author":[{"embeddable":true,"href":"https:\/\/community.plagium.com\/es\/wp-json\/wp\/v2\/users\/1"}],"replies":[{"embeddable":true,"href":"https:\/\/community.plagium.com\/es\/wp-json\/wp\/v2\/comments?post=2458"}],"version-history":[{"count":55,"href":"https:\/\/community.plagium.com\/es\/wp-json\/wp\/v2\/pages\/2458\/revisions"}],"predecessor-version":[{"id":3689,"href":"https:\/\/community.plagium.com\/es\/wp-json\/wp\/v2\/pages\/2458\/revisions\/3689"}],"wp:attachment":[{"href":"https:\/\/community.plagium.com\/es\/wp-json\/wp\/v2\/media?parent=2458"}],"wp:term":[{"taxonomy":"folder","embeddable":true,"href":"https:\/\/community.plagium.com\/es\/wp-json\/wp\/v2\/folder?post=2458"}],"curies":[{"name":"wp","href":"https:\/\/api.w.org\/{rel}","templated":true}]}}